{"id":7,"date":"2014-12-08T23:14:43","date_gmt":"2014-12-08T23:14:43","guid":{"rendered":"http:\/\/nuntiatura.ca\/en\/?page_id=7"},"modified":"2021-09-14T10:39:37","modified_gmt":"2021-09-14T14:39:37","slug":"nonce-apostolique","status":"publish","type":"page","link":"https:\/\/nuntiatura.ca\/fr\/nonce-apostolique\/","title":{"rendered":"Nonce Apostolique"},"content":{"rendered":"<div class=\"wpb-content-wrapper\"><p>[vc_row][vc_column width=&#8221;1\/4&#8243;][vc_empty_space height=&#8221;22px&#8221;][vc_column_text]<img loading=\"lazy\" decoding=\"async\" class=\"size-full wp-image-3603 alignright\" src=\"http:\/\/nuntiatura.ca\/fr\/wp-content\/uploads\/2021\/06\/Ivan-Jurkovic.jpeg\" alt=\"Msgr. Ivan Jurkovi\u010d - Nonce Apostolique au Canada\" width=\"480\" height=\"480\" srcset=\"https:\/\/nuntiatura.ca\/fr\/wp-content\/uploads\/2021\/06\/Ivan-Jurkovic.jpeg 480w, https:\/\/nuntiatura.ca\/fr\/wp-content\/uploads\/2021\/06\/Ivan-Jurkovic-300x300.jpeg 300w, https:\/\/nuntiatura.ca\/fr\/wp-content\/uploads\/2021\/06\/Ivan-Jurkovic-150x150.jpeg 150w, https:\/\/nuntiatura.ca\/fr\/wp-content\/uploads\/2021\/06\/Ivan-Jurkovic-350x350.jpeg 350w\" sizes=\"auto, (max-width: 480px) 100vw, 480px\" \/>[\/vc_column_text][\/vc_column][vc_column width=&#8221;3\/4&#8243;][vc_column_text]<span style=\"font-weight: 400;\">Son Excellence\u00a0<\/span><\/p>\n<p><span style=\"font-weight: 400;\">Monseigneur <\/span><b>IVAN JURKOVI\u010c<\/b><\/p>\n<p><span style=\"font-weight: 400;\">Archev\u00eaque titulaire de Corbavia (Krbava)<\/span><\/p>\n<p><span style=\"font-weight: 400;\">Nonce Apostolique au Canada<\/span><\/p>\n<p>&nbsp;<\/p>\n<p><span style=\"font-weight: 400;\">Son Excellence Mgr Ivan Jurkovi\u010d est n\u00e9 le 10 juin 1952 \u00e0 Banja Loka, Ko\u010devje, en Slov\u00e9nie.\u00a0<\/span><\/p>\n<p>&nbsp;<\/p>\n<p><span style=\"font-weight: 400;\">Il a \u00e9t\u00e9 ordonn\u00e9 pr\u00eatre le 29 juin 1977 pour l\u2019Archidioc\u00e8se de Ljubljana (Slov\u00e9nie). Il est Dipl\u00f4m\u00e9 de la Facult\u00e9 de Th\u00e9ologie de Ljubljana. Entre 1980 et 1984 il a \u00e9tudi\u00e9 le droit canonique \u00e0 l&#8217;Universit\u00e9 Pontificale du Latran \u00e0 Rome et \u00e0 l\u2019Acad\u00e9mie Pontificale Eccl\u00e9siastique.<\/span><\/p>\n<p>&nbsp;<\/p>\n<p><span style=\"font-weight: 400;\">Ayant obtenu un doctorat en droit canonique, il entra au service diplomatique du Saint-Si\u00e8ge le 1<sup>er<\/sup> mai 1984. Il a servi dans les missions diplomatiques suivantes :\u00a0\u00a0<\/span><\/p>\n<p><span style=\"font-weight: 400;\">\u00a0<\/span><\/p>\n<p><span style=\"font-weight: 400;\">1984-1988 <\/span> <span style=\"font-weight: 400;\">Secr\u00e9taire de la Nonciature Apostolique en Cor\u00e9e ;\u00a0<\/span><\/p>\n<p><span style=\"font-weight: 400;\">1988-1992<\/span> <span style=\"font-weight: 400;\">Conseiller de la Nonciature Apostolique en Colombie ;\u00a0<\/span><\/p>\n<p><span style=\"font-weight: 400;\">1992-1995<\/span> <span style=\"font-weight: 400;\">Conseiller de la Repr\u00e9sentation du Saint-Si\u00e8ge dans la F\u00e9d\u00e9ration de Russie ;<\/span><\/p>\n<p><span style=\"font-weight: 400;\">1996-2001 <\/span> <span style=\"font-weight: 400;\">Conseiller aupr\u00e8s de la Section pour les Relations avec les Etats du Saint-Si\u00e8ge dans la Cit\u00e9 du Vatican.\u00a0<\/span><\/p>\n<p>&nbsp;<\/p>\n<p><span style=\"font-weight: 400;\">Le 6 octobre 2001 Mgr Jurkovi\u010d a re\u00e7u la cons\u00e9cration \u00e9piscopale et a \u00e9t\u00e9 nomm\u00e9 Archev\u00eaque titulaire de Corbavia.Par la suite, il a servi dans les missions suivantes :\u00a0\u00a0<\/span><\/p>\n<p>&nbsp;<\/p>\n<p><span style=\"font-weight: 400;\">2001-2004 <\/span> <span style=\"font-weight: 400;\">Nonce Apostolique en Bi\u00e9lorussie (nomm\u00e9 le 27 juillet 2001) ;<\/span><\/p>\n<p><span style=\"font-weight: 400;\">2004-2011 <\/span> <span style=\"font-weight: 400;\">Nonce Apostolique en Ukraine (nomm\u00e9 le 22 avril 2004) ;<\/span><\/p>\n<p><span style=\"font-weight: 400;\">2011-2016 <\/span> <span style=\"font-weight: 400;\">Nonce Apostolique dans la F\u00e9d\u00e9ration de Russie (nomm\u00e9 le 11 f\u00e9vrier 2011) et aussi Nonce Apostolique en Ouzb\u00e9kistan (nomm\u00e9 le 22 juillet 2011) ;<\/span><\/p>\n<p><span style=\"font-weight: 400;\">2016-2021<\/span> <span style=\"font-weight: 400;\">Observateur Permanent du Saint-Si\u00e8ge aupr\u00e8s de l\u2019Office des Nations Unies \u00e0 Gen\u00e8ve (nomm\u00e9 le 13 f\u00e9vrier 2016) et \u00e0 d\u2019autres organisations internationales \u00e0 Gen\u00e8ve, Observateur Permanent aupr\u00e8s de l\u2019Organisation Mondiale du Commerce (OMC), at aussi Repr\u00e9sentant du Saint-Si\u00e8ge aupr\u00e8s de l\u2019Organisation internationale pour les migrations (OIM).<\/span><\/p>\n<p>&nbsp;<\/p>\n<p><span style=\"font-weight: 400;\">\u00a0<\/span> <span style=\"font-weight: 400;\">Le Saint-P\u00e8re a nomm\u00e9 Mgr Jurkovi\u010d, Nonce Apostolique au Canada, le 5 juin 2021.\u00a0<\/span><\/p>\n<p><span style=\"font-weight: 400;\">La langue maternelle de Mgr Jurkovi\u010d est le slov\u00e8ne, cependant il parle \u00e9galement l\u2019italien, l\u2019espagnol, l\u2019anglais, le russe, l\u2019allemand, le fran\u00e7ais, le serbe, le croate et l\u2019ukrainien.<\/span><\/p>\n<p>Son Excellence Ivan Jurkovi\u010d est \u00e9galement aum\u00f4nier conventuel ad honorem de l&#8217;Ordre Souverain Militaire Hospitalier de Saint-Jean de J\u00e9rusalem de Rhodes et de Malte.[\/vc_column_text][vc_empty_space][\/vc_column][\/vc_row][vc_row][vc_column][vc_empty_space][\/vc_column][\/vc_row]<\/p>\n<\/div>","protected":false},"excerpt":{"rendered":"<p>[vc_row][vc_column width=&#8221;1\/4&#8243;][vc_empty_space height=&#8221;22px&#8221;][vc_column_text][\/vc_column_text][\/vc_column][vc_column width=&#8221;3\/4&#8243;][vc_column_text]Son Excellence\u00a0 Monseigneur IVAN JURKOVI\u010c Archev\u00eaque titulaire de Corbavia (Krbava) Nonce Apostolique au Canada &nbsp; Son Excellence Mgr Ivan Jurkovi\u010d est n\u00e9 le 10 juin 1952 \u00e0 Banja Loka, Ko\u010devje, en Slov\u00e9nie.\u00a0 &nbsp; Il a \u00e9t\u00e9 ordonn\u00e9 pr\u00eatre le 29 juin 1977 pour l\u2019Archidioc\u00e8se de Ljubljana (Slov\u00e9nie). Il est Dipl\u00f4m\u00e9 de la [&hellip;]<\/p>\n","protected":false},"author":5,"featured_media":0,"parent":0,"menu_order":0,"comment_status":"closed","ping_status":"open","template":"","meta":{"footnotes":""},"class_list":["post-7","page","type-page","status-publish","hentry"],"_links":{"self":[{"href":"https:\/\/nuntiatura.ca\/fr\/wp-json\/wp\/v2\/pages\/7","targetHints":{"allow":["GET"]}}],"collection":[{"href":"https:\/\/nuntiatura.ca\/fr\/wp-json\/wp\/v2\/pages"}],"about":[{"href":"https:\/\/nuntiatura.ca\/fr\/wp-json\/wp\/v2\/types\/page"}],"author":[{"embeddable":true,"href":"https:\/\/nuntiatura.ca\/fr\/wp-json\/wp\/v2\/users\/5"}],"replies":[{"embeddable":true,"href":"https:\/\/nuntiatura.ca\/fr\/wp-json\/wp\/v2\/comments?post=7"}],"version-history":[{"count":21,"href":"https:\/\/nuntiatura.ca\/fr\/wp-json\/wp\/v2\/pages\/7\/revisions"}],"predecessor-version":[{"id":3622,"href":"https:\/\/nuntiatura.ca\/fr\/wp-json\/wp\/v2\/pages\/7\/revisions\/3622"}],"wp:attachment":[{"href":"https:\/\/nuntiatura.ca\/fr\/wp-json\/wp\/v2\/media?parent=7"}],"curies":[{"name":"wp","href":"https:\/\/api.w.org\/{rel}","templated":true}]}}