{"id":1357,"date":"2014-12-22T21:15:42","date_gmt":"2014-12-22T21:15:42","guid":{"rendered":"http:\/\/nuntiatura.ca\/en\/?page_id=1357"},"modified":"2015-01-08T23:35:27","modified_gmt":"2015-01-08T23:35:27","slug":"role-et-fonction","status":"publish","type":"page","link":"https:\/\/nuntiatura.ca\/fr\/role-et-fonction\/","title":{"rendered":"R\u00f4le et fonction du Nonce Apostolique"},"content":{"rendered":"<div class=\"wpb-content-wrapper\"><p>[vc_row type=&#8221;in_container&#8221; bg_position=&#8221;left top&#8221; bg_repeat=&#8221;no-repeat&#8221; text_color=&#8221;dark&#8221; bottom_padding=&#8221;-20&#8243;][vc_column width=&#8221;1\/1&#8243;][vc_column_text]Un nonce apostolique est le repr\u00e9sentant personnel du Pape dans une partie particuli\u00e8re de l&#8217;\u00c9glise et un pays en\u00a0particulier. Ainsi, le Nonce a deux fonctions principales: l&#8217;une relative au sein de l&#8217;Eglise, l&#8217;autre ayant trait avec\u00a0les \u00c9tats.[\/vc_column_text][\/vc_column][\/vc_row][vc_row][vc_column width=&#8221;1\/2&#8243;][vc_column_text title=&#8221;Relations au sein de l&#8217;Eglise&#8221;]Le r\u00f4le eccl\u00e9sial d&#8217;un nonce apostolique est de rendre fermes et effectifs les liens d&#8217;unit\u00e9 qui existent entre le\u00a0Pape et l&#8217;\u00c9glise dans le monde entier<\/p>\n<ul>\n<li>d&#8217;informer le Si\u00e8ge Apostolique de la situation des \u00c9glises particuli\u00e8res et de tout ce qui touche la vie\u00a0m\u00eame de l&#8217;\u00c9glise et le bien des \u00e2mes;<\/li>\n<li>d&#8217;aider les \u00c9v\u00eaques par son action et ses conseils, demeurant entier l&#8217;exercice de leur pouvoir l\u00e9gitime;<\/li>\n<li>d&#8217;entretenir des relations fr\u00e9quentes avec la conf\u00e9rence des \u00c9v\u00eaques, en lui apportant toute aide possible;<\/li>\n<li>en ce qui concerne la nomination des \u00c9v\u00eaques, de transmettre au Si\u00e8ge Apostolique ou de lui proposer\u00a0les noms des candidats, ainsi que l&#8217;enqu\u00eate concernant les sujets \u00e0 promouvoir, selon les r\u00e8gles donn\u00e9es\u00a0par le Si\u00e8ge Apostolique;<\/li>\n<li>de s&#8217;efforcer d&#8217;encourager ce qui concerne la paix, le progr\u00e8s et la coop\u00e9ration des peuples;<\/li>\n<li>de collaborer avec les \u00c9v\u00eaques pour d\u00e9velopper des relations opportunes entre l&#8217;\u00c9glise catholique et les\u00a0autres \u00c9glises ou communaut\u00e9s eccl\u00e9siales, et m\u00eame les religions non chr\u00e9tiennes;<\/li>\n<li>de d\u00e9fendre aupr\u00e8s des chefs d&#8217;\u00c9tat, en action concert\u00e9e avec les \u00c9v\u00eaques, ce qui concerne la mission de\u00a0l&#8217;\u00c9glise et du Si\u00e8ge Apostolique.<\/li>\n<\/ul>\n<p>[\/vc_column_text][\/vc_column][vc_column width=&#8221;1\/2&#8243;][vc_column_text title=&#8221;Relations avec les \u00c9tats&#8221;]Le r\u00f4le diplomatique d&#8217;un nonce apostolique est d&#8217;\u00e9tablir et de maintenir une relation de compr\u00e9hension mutuelle\u00a0entre l&#8217;\u00c9glise et l&#8217;\u00c9tat, pour la paix et le progr\u00e8s de chaque nation, et la paix entre les peuples.<\/p>\n<ul>\n<li>de promouvoir et d&#8217;entretenir les rapports entre le Si\u00e8ge Apostolique et les Autorit\u00e9s de l&#8217;\u00c9tat;<\/li>\n<li>de traiter les questions concernant les relations de l&#8217;\u00c9glise et de l&#8217;\u00c9tat et, en particulier, de travailler \u00e0\u00a0l&#8217;\u00e9laboration et \u00e0 la mise en \u0153uvre des concordats et autres conventions du m\u00eame genre.<\/li>\n<\/ul>\n<p><em>(cf. les canons 361-365 du Code de Droit Canonique)<\/em>[\/vc_column_text][\/vc_column][\/vc_row][vc_row][vc_column width=&#8221;1\/1&#8243;][vc_empty_space height=&#8221;80px&#8221;][\/vc_column][\/vc_row]<\/p>\n<\/div>","protected":false},"excerpt":{"rendered":"<p>[vc_row type=&#8221;in_container&#8221; bg_position=&#8221;left top&#8221; bg_repeat=&#8221;no-repeat&#8221; text_color=&#8221;dark&#8221; bottom_padding=&#8221;-20&#8243;][vc_column width=&#8221;1\/1&#8243;][vc_column_text]Un nonce apostolique est le repr\u00e9sentant personnel du Pape dans une partie particuli\u00e8re de l&#8217;\u00c9glise et un pays en\u00a0particulier. Ainsi, le Nonce a deux fonctions principales: l&#8217;une relative au sein de l&#8217;Eglise, l&#8217;autre ayant trait avec\u00a0les \u00c9tats.[\/vc_column_text][\/vc_column][\/vc_row][vc_row][vc_column width=&#8221;1\/2&#8243;][vc_column_text title=&#8221;Relations au sein de l&#8217;Eglise&#8221;]Le r\u00f4le eccl\u00e9sial d&#8217;un nonce apostolique [&hellip;]<\/p>\n","protected":false},"author":5,"featured_media":0,"parent":0,"menu_order":0,"comment_status":"closed","ping_status":"open","template":"","meta":{"footnotes":""},"class_list":["post-1357","page","type-page","status-publish","hentry"],"_links":{"self":[{"href":"https:\/\/nuntiatura.ca\/fr\/wp-json\/wp\/v2\/pages\/1357","targetHints":{"allow":["GET"]}}],"collection":[{"href":"https:\/\/nuntiatura.ca\/fr\/wp-json\/wp\/v2\/pages"}],"about":[{"href":"https:\/\/nuntiatura.ca\/fr\/wp-json\/wp\/v2\/types\/page"}],"author":[{"embeddable":true,"href":"https:\/\/nuntiatura.ca\/fr\/wp-json\/wp\/v2\/users\/5"}],"replies":[{"embeddable":true,"href":"https:\/\/nuntiatura.ca\/fr\/wp-json\/wp\/v2\/comments?post=1357"}],"version-history":[{"count":2,"href":"https:\/\/nuntiatura.ca\/fr\/wp-json\/wp\/v2\/pages\/1357\/revisions"}],"predecessor-version":[{"id":2734,"href":"https:\/\/nuntiatura.ca\/fr\/wp-json\/wp\/v2\/pages\/1357\/revisions\/2734"}],"wp:attachment":[{"href":"https:\/\/nuntiatura.ca\/fr\/wp-json\/wp\/v2\/media?parent=1357"}],"curies":[{"name":"wp","href":"https:\/\/api.w.org\/{rel}","templated":true}]}}