{"id":951,"date":"2014-09-15T14:57:32","date_gmt":"2014-09-15T14:57:32","guid":{"rendered":"http:\/\/104.131.255.213\/specular\/agency\/?page_id=81"},"modified":"2015-02-04T09:35:32","modified_gmt":"2015-02-04T14:35:32","slug":"contactez-nous","status":"publish","type":"page","link":"http:\/\/nuntiatura.ca\/fr\/contactez-nous\/","title":{"rendered":"Contactez-nous"},"content":{"rendered":"<div class=\"wpb-content-wrapper\"><p>[vc_row type=&#8221;full_width_content&#8221; bg_position=&#8221;left top&#8221; bg_repeat=&#8221;no-repeat&#8221; text_color=&#8221;dark&#8221;][vc_column width=&#8221;1\/1&#8243;][google_map height=&#8221;350&#8243; dynamic_src=&#8221;https:\/\/www.google.com\/maps?ll=45.455166,-75.682905&amp;z=16&amp;t=m&amp;hl=fr-FR&amp;gl=CA&amp;mapclient=embed&amp;cid=10521126070693775998&#8243;][\/vc_column][\/vc_row][vc_row][vc_column width=&#8221;1\/2&#8243;][block_title style=&#8221;column_title&#8221; inner_style=&#8221;simple&#8221; padding_desc=&#8221;28%&#8221; title=&#8221;D\u00e9tails&#8221; inner_style_title=&#8221;square&#8221;][vc_column_text]<h2 class=\"shortcode_h2\">Adresse postale<\/h2><br \/>\n<h6 class=\"shortcode_h6\">Nonciature Apostolique<\/h6><\/p>\n<p>724 Manor Avenue<br \/>\nOttawa, ON K1M 0E3<br \/>\nCanada<\/p>\n<p>T\u00e9l\u00e9phone: 613.746.4914<br \/>\nT\u00e9l\u00e9copieur: 613.746.4786<br \/>\nCourriel: <a href=\"mailto:nuntiatura@nuntiatura.ca\">nuntiatura@nuntiatura.ca<\/a>[\/vc_column_text][\/vc_column][vc_column width=&#8221;1\/2&#8243;][block_title style=&#8221;column_title&#8221; inner_style=&#8221;simple&#8221; inner_style_title=&#8221;square&#8221; padding_desc=&#8221;28%&#8221; title=&#8221;Contactez-nous&#8221;]<div id=\"cscf\" class=\"cscfBlock\">\n    <div class=\"cscfMessageSent\" style=\"display:none;\" role=\"status\" aria-live=\"polite\">\n\t\t<h3>Message envoy\u00e9<\/h3>\n<p>Merci de votre message, nous allons vous r\u00e9pondre d\u00e9s que possible. <\/p>    <\/div>\n    <div class=\"cscfMessageNotSent\" style=\"display:none;\" role=\"alert\" aria-live=\"assertive\">\n\t\t<p>\n    D\u00e9sol\u00e9, un probl\u00e8me est survenu et votre message n&#039;a pu \u00eatre envoy\u00e9<\/p>\n    <\/div>\n    <div class=\"cscfForm\">\n        <p><\/p>\n\n        <form role=\"form\" id=\"frmCSCF\" name=\"frmCSCF\" method=\"post\" novalidate>\n\t\t\t<input type=\"hidden\" id=\"cscf_nonce\" name=\"cscf_nonce\" value=\"43fe8669a5\" \/><input type=\"hidden\" name=\"_wp_http_referer\" value=\"\/fr\/wp-json\/wp\/v2\/pages\/951\" \/>            <input type=\"hidden\" name=\"post-id\" value=\"951\">\n\n\t\t\t\n            <!-- name -->\n            <div class=\"control-group form-group\">\n                <label for=\"cscf_name\">Nom :<\/label>\n\n\n                <div class=\"\">\n\t\t\t\t\t                    <input class=\"form-control input-xlarge\"\n                           data-rule-required=\"true\"\n                           data-msg-required=\"Entrez votre nom\"\n                           type=\"text\" id=\"cscf_name\" name=\"cscf[name]\"\n                           value=\"\"\n                           placeholder=\"Votre nom\"\n                           autocomplete=\"name\"\n                           aria-required=\"true\"\n                           aria-describedby=\"cscf_name_error\"\n                                               \/>\n                <\/div>\n                <span id=\"cscf_name_error\" class=\"help-inline help-block error\"\n                      style=\"display:none;\"\n                      role=\"alert\">\n                                    <\/span>\n            <\/div>\n\n\n            <!--email address-->\n            <div class=\"control-group form-group\">\n                <label for=\"cscf_email\">Adresse e-mail :<\/label>\n\n                <div class=\"\">\n\t\t\t\t\t                    <input class=\"form-control input-xlarge\"\n                           data-rule-required=\"true\"\n                           data-rule-email=\"true\"\n                           data-msg-required=\"Entrez votre adresse e-mail\"\n                           data-msg-email=\"Entrez une adresse e-mail valide\"\n                           type=\"email\" id=\"cscf_email\" name=\"cscf[email]\"\n                           value=\"\"\n                           placeholder=\"Votre adresse e-mail\"\n                           autocomplete=\"email\"\n                           aria-required=\"true\"\n                           aria-describedby=\"cscf_email_error\"\n                                               \/>\n                <\/div>\n                <span id=\"cscf_email_error\" class=\"help-inline help-block error\"\n                      style=\"display:none;\"\n                      role=\"alert\">\n                                    <\/span>\n            <\/div>\n\n\t\t\t                <!--confirm email address -->\n                <div class=\"control-group form-group\">\n                    <label for=\"cscf_confirm-email\">Confirmez l&#039;adresse e-mail :<\/label>\n                    <div class=\"\">\n\t\t\t\t\t\t                        <input class=\"form-control input-xlarge\"\n                               data-rule-required=\"true\"\n                               data-rule-email=\"true\"\n                               data-rule-equalTo=\"#cscf_email\"\n                               data-msg-required=\"Merci d&#039;entrer la m\u00eame adresse e-mail.\"\n                               data-msg-email=\"Entrez une adresse e-mail valide\"\n                               data-msg-equalTo=\"Merci d&#039;entrer la m\u00eame adresse e-mail.\"\n                               type=\"email\" id=\"cscf_confirm-email\" name=\"cscf[confirm-email]\"\n                               value=\"\"\n                               placeholder=\"Confirmez votre adresse e-mail\"\n                               autocomplete=\"email\"\n                               aria-required=\"true\"\n                               aria-describedby=\"cscf_confirm-email_error\"\n                                                       \/>\n                    <\/div>\n                    <span id=\"cscf_confirm-email_error\" class=\"help-inline help-block error\"\n                          style=\"display:none;\"\n                          role=\"alert\">\n                                    <\/span>\n                <\/div>\n\t\t\t\n\t\t\t\n\n            <!-- message -->\n            <div class=\"control-group form-group\">\n                <label for=\"cscf_message\">Message :<\/label>\n                <div class=\"\">\n\t\t\t\t\t                    <textarea class=\"form-control input-xlarge\"\n                              data-rule-required=\"true\"\n                              data-msg-required=\"Merci d&#039;entrer un message\"\n                              id=\"cscf_message\" name=\"cscf[message]\" rows=\"10\"\n                              placeholder=\"Votre message\"\n                              aria-required=\"true\"\n                              aria-describedby=\"cscf_message_error\"\n                              ><\/textarea>\n                <\/div>\n\n                <span id=\"cscf_message_error\" class=\"help-inline help-block error\"\n                      style=\"display:none;\"\n                      role=\"alert\">\n                                    <\/span>\n            <\/div>\n\n\t\t\t\n\n\n\t\t\t\n            <!-- recaptcha -->\n\t\t\t            <input type=\"submit\" id=\"cscf_SubmitButton\" class=\"btn btn-default\"\n                   value=\"Envoyer le message\"\/>\n        <\/form>\n    <\/div>\n<\/div>[\/vc_column][\/vc_row]<\/p>\n<\/div>","protected":false},"excerpt":{"rendered":"<p>[vc_row type=&#8221;full_width_content&#8221; bg_position=&#8221;left top&#8221; bg_repeat=&#8221;no-repeat&#8221; text_color=&#8221;dark&#8221;][vc_column width=&#8221;1\/1&#8243;][google_map height=&#8221;350&#8243; dynamic_src=&#8221;https:\/\/www.google.com\/maps?ll=45.455166,-75.682905&amp;z=16&amp;t=m&amp;hl=fr-FR&amp;gl=CA&amp;mapclient=embed&amp;cid=10521126070693775998&#8243;][\/vc_column][\/vc_row][vc_row][vc_column width=&#8221;1\/2&#8243;][block_title style=&#8221;column_title&#8221; inner_style=&#8221;simple&#8221; padding_desc=&#8221;28%&#8221; title=&#8221;D\u00e9tails&#8221; inner_style_title=&#8221;square&#8221;][vc_column_text] 724 Manor Avenue Ottawa, ON K1M 0E3 Canada T\u00e9l\u00e9phone: 613.746.4914 T\u00e9l\u00e9copieur: 613.746.4786 Courriel: nuntiatura@nuntiatura.ca[\/vc_column_text][\/vc_column][vc_column width=&#8221;1\/2&#8243;][block_title style=&#8221;column_title&#8221; inner_style=&#8221;simple&#8221; inner_style_title=&#8221;square&#8221; padding_desc=&#8221;28%&#8221; title=&#8221;Contactez-nous&#8221;][\/vc_column][\/vc_row]<\/p>\n","protected":false},"author":5,"featured_media":0,"parent":0,"menu_order":0,"comment_status":"closed","ping_status":"closed","template":"","meta":{"footnotes":""},"class_list":["post-951","page","type-page","status-publish","hentry"],"_links":{"self":[{"href":"http:\/\/nuntiatura.ca\/fr\/wp-json\/wp\/v2\/pages\/951","targetHints":{"allow":["GET"]}}],"collection":[{"href":"http:\/\/nuntiatura.ca\/fr\/wp-json\/wp\/v2\/pages"}],"about":[{"href":"http:\/\/nuntiatura.ca\/fr\/wp-json\/wp\/v2\/types\/page"}],"author":[{"embeddable":true,"href":"http:\/\/nuntiatura.ca\/fr\/wp-json\/wp\/v2\/users\/5"}],"replies":[{"embeddable":true,"href":"http:\/\/nuntiatura.ca\/fr\/wp-json\/wp\/v2\/comments?post=951"}],"version-history":[{"count":11,"href":"http:\/\/nuntiatura.ca\/fr\/wp-json\/wp\/v2\/pages\/951\/revisions"}],"predecessor-version":[{"id":3032,"href":"http:\/\/nuntiatura.ca\/fr\/wp-json\/wp\/v2\/pages\/951\/revisions\/3032"}],"wp:attachment":[{"href":"http:\/\/nuntiatura.ca\/fr\/wp-json\/wp\/v2\/media?parent=951"}],"curies":[{"name":"wp","href":"https:\/\/api.w.org\/{rel}","templated":true}]}}