{"id":4,"date":"2014-09-18T10:47:51","date_gmt":"2014-09-18T14:47:51","guid":{"rendered":"http:\/\/104.131.255.213\/specular\/minimal\/?page_id=4"},"modified":"2021-10-07T12:49:24","modified_gmt":"2021-10-07T16:49:24","slug":"accueil-2","status":"publish","type":"page","link":"http:\/\/nuntiatura.ca\/fr\/","title":{"rendered":"Accueil"},"content":{"rendered":"<div class=\"wpb-content-wrapper\"><p>[vc_row type=&#8221;full_width_background&#8221; top_padding=&#8221;40&#8243; bottom_padding=&#8221;40&#8243;][vc_column][separator width=&#8221;100%&#8221; height=&#8221;1px&#8221; color=&#8221;#e1e1e1&#8243; margin_bottom=&#8221;40px&#8221;][vc_row_inner][vc_column_inner width=&#8221;1\/3&#8243;][services_media title=&#8221;Pape Fran\u00e7ois&#8221; photo=&#8221;2705&#8243; link=&#8221;http:\/\/nuntiatura.ca\/en\/apostolic-nuncio\/&#8221;]<\/p>\n<ul>\n<li><a href=\"http:\/\/w2.vatican.va\/content\/francesco\/fr\/messages\/pont-messages\/2018\/documents\/papa-francesco_20180926_messaggio-cattolici-cinesi.html\" target=\"_blank\" rel=\"noopener\">Message du Saint-P\u00e8re aux Catholiques chinois et \u00e0 l\u2019Eglise universelle<\/a><\/li>\n<li><a href=\"http:\/\/w2.vatican.va\/content\/francesco\/fr\/apost_exhortations\/documents\/papa-francesco_esortazione-ap_20180319_gaudete-et-exsultate.html\" target=\"_blank\" rel=\"noopener\">Exhortation Apostolique Gaudete et exsultate<\/a><\/li>\n<li><a href=\"http:\/\/www.vatican.va\/roman_curia\/synod\/index_fr.htm\" target=\"_blank\" rel=\"noopener\">XV Assembl\u00e9e Ordinaire G\u00e9n\u00e9rale du Synode des Ev\u00eaques: Les jeunes, la foi et le discernement des vocations<\/a><\/li>\n<li><a href=\"http:\/\/w2.vatican.va\/content\/francesco\/fr\/apost_exhortations\/documents\/papa-francesco_esortazione-ap_20160319_amoris-laetitia.html\" target=\"_blank\" rel=\"noopener\">Exhortation Apostolique Post-Synodale AMORIS LAETITIA<\/a><\/li>\n<li><a href=\"https:\/\/w2.vatican.va\/content\/francesco\/en.html\" target=\"_blank\" rel=\"noopener\">Voir tous les discours, messages, hom\u00e9lies et documents du Pape Fran\u00e7ois<\/a><\/li>\n<\/ul>\n<p>[\/services_media][\/vc_column_inner][vc_column_inner width=&#8221;1\/3&#8243;][services_media title=&#8221;l&#8217;\u00c9glise au Canada&#8221; photo=&#8221;3629&#8243; link=&#8221;http:\/\/nuntiatura.ca\/fr&#8221;]<\/p>\n<ul>\n<li><a href=\"https:\/\/www.cccb.ca\/fr\/\" target=\"_blank\" rel=\"noopener\">Conf\u00e9rence des \u00cav\u00eaques Catholiques du Canada<\/a><\/li>\n<li><a href=\"https:\/\/www.cccb.ca\/fr\/leglise-catholique-au-canada\/annuaire-des-eveques-et-des-eparques\/\" target=\"_blank\" rel=\"noopener\">Liste des dioc\u00e8ses et \u00e9parchies<\/a><\/li>\n<li><a href=\"https:\/\/www.cccb.ca\/fr\/leglise-catholique-au-canada\/saints-blesseds-canada\/\" target=\"_blank\" rel=\"noopener\">Saints et Bienheureux du Canada<\/a><\/li>\n<\/ul>\n<p>[\/services_media][\/vc_column_inner][vc_column_inner width=&#8221;1\/3&#8243;][services_media title=&#8221;Nonce Apostolique&#8221; photo=&#8221;3603&#8243;]<\/p>\n<ul>\n<li><a href=\"http:\/\/nuntiatura.ca\/fr\/assemblee-plenaire-des-eveques-catholiques-du-canada-2018\/\" target=\"_blank\" rel=\"noopener\">Adresse \u00e0 l&#8217;Assembl\u00e9e Pl\u00e9ni\u00e8re des Ev\u00eaques 2018<\/a><\/li>\n<li><a href=\"http:\/\/nuntiatura.ca\/fr\/fete-du-saint-pere-2018\/\" target=\"_blank\" rel=\"noopener\">F\u00eate du Saint-P\u00e8re 2018<\/a><\/li>\n<li><a href=\"http:\/\/dioceseofcharlottetown.com\/address-of-the-apostolic-nuncio-mgr-luigi-bonazzi-official-opening-of-our-lady-of-hope-retreat-centre\/\" target=\"_blank\" rel=\"noopener\">Charlottetown, Opening Our Lady of Hope Retreat Centre<\/a><\/li>\n<\/ul>\n<p>[\/services_media][\/vc_column_inner][\/vc_row_inner][\/vc_column][\/vc_row][vc_row][vc_column][separator width=&#8221;100%&#8221; height=&#8221;0px&#8221; color=&#8221;#e1e1e1&#8243;][\/vc_column][\/vc_row]<\/p>\n<\/div>","protected":false},"excerpt":{"rendered":"<p>[vc_row type=&#8221;full_width_background&#8221; top_padding=&#8221;40&#8243; bottom_padding=&#8221;40&#8243;][vc_column][separator width=&#8221;100%&#8221; height=&#8221;1px&#8221; color=&#8221;#e1e1e1&#8243; margin_bottom=&#8221;40px&#8221;][vc_row_inner][vc_column_inner width=&#8221;1\/3&#8243;][services_media title=&#8221;Pape Fran\u00e7ois&#8221; photo=&#8221;2705&#8243; link=&#8221;http:\/\/nuntiatura.ca\/en\/apostolic-nuncio\/&#8221;] Message du Saint-P\u00e8re aux Catholiques chinois et \u00e0 l\u2019Eglise universelle Exhortation Apostolique Gaudete et exsultate XV Assembl\u00e9e Ordinaire G\u00e9n\u00e9rale du Synode des Ev\u00eaques: Les jeunes, la foi et le discernement des vocations Exhortation Apostolique Post-Synodale AMORIS LAETITIA Voir tous les discours, messages, [&hellip;]<\/p>\n","protected":false},"author":5,"featured_media":0,"parent":0,"menu_order":0,"comment_status":"closed","ping_status":"closed","template":"","meta":{"footnotes":""},"class_list":["post-4","page","type-page","status-publish","hentry"],"_links":{"self":[{"href":"http:\/\/nuntiatura.ca\/fr\/wp-json\/wp\/v2\/pages\/4","targetHints":{"allow":["GET"]}}],"collection":[{"href":"http:\/\/nuntiatura.ca\/fr\/wp-json\/wp\/v2\/pages"}],"about":[{"href":"http:\/\/nuntiatura.ca\/fr\/wp-json\/wp\/v2\/types\/page"}],"author":[{"embeddable":true,"href":"http:\/\/nuntiatura.ca\/fr\/wp-json\/wp\/v2\/users\/5"}],"replies":[{"embeddable":true,"href":"http:\/\/nuntiatura.ca\/fr\/wp-json\/wp\/v2\/comments?post=4"}],"version-history":[{"count":54,"href":"http:\/\/nuntiatura.ca\/fr\/wp-json\/wp\/v2\/pages\/4\/revisions"}],"predecessor-version":[{"id":3630,"href":"http:\/\/nuntiatura.ca\/fr\/wp-json\/wp\/v2\/pages\/4\/revisions\/3630"}],"wp:attachment":[{"href":"http:\/\/nuntiatura.ca\/fr\/wp-json\/wp\/v2\/media?parent=4"}],"curies":[{"name":"wp","href":"https:\/\/api.w.org\/{rel}","templated":true}]}}