{"id":1233,"date":"2014-12-15T23:40:54","date_gmt":"2014-12-15T23:40:54","guid":{"rendered":"http:\/\/nuntiatura.ca\/en\/?page_id=1233"},"modified":"2023-09-11T15:41:41","modified_gmt":"2023-09-11T15:41:41","slug":"services-3","status":"publish","type":"page","link":"http:\/\/nuntiatura.ca\/fr\/services-3\/","title":{"rendered":"Services"},"content":{"rendered":"<div class=\"wpb-content-wrapper\"><p>[vc_row][vc_column width=&#8221;1\/2&#8243;][services_small title=&#8221;Pour solliciter une B\u00e9n\u00e9diction Apostolique.&#8221; icon=&#8221;icon-download&#8221; dynamic_content_type=&#8221;content&#8221; dynamic_content_link=&#8221;http:\/\/nuntiatura.ca\/fr\/wp-content\/uploads\/2023\/09\/Apostolic_Blessing_FR_2023.pdf&#8221;][\/services_small][services_small title=&#8221;Pour obtenir des billets pour assister \u00e0 une Messe du Pape, \u00e0 une Audience g\u00e9n\u00e9rale, etc.&#8221; icon=&#8221;icon-download&#8221; dynamic_content_type=&#8221;content&#8221; dynamic_content_link=&#8221;http:\/\/www.vatican.va\/various\/prefettura\/index_fr.html&#8221;][\/services_small][\/vc_column][vc_column width=&#8221;1\/2&#8243;][services_small title=&#8221;Pour demander un Visa pour l&#8217;Italie (Clerg\u00e9 &amp; Religieux)&#8221; icon=&#8221;icon-download&#8221; dynamic_content_type=&#8221;content&#8221; dynamic_content_link=&#8221;http:\/\/nuntiatura.ca\/fr\/wp-content\/uploads\/2015\/01\/visa_italy_clergy_and_religious_fr.pdf&#8221;][\/services_small][services_small title=&#8221;Pour acheter des photographies, des objets de pi\u00e9t\u00e9, des timbres et des monnaies du Vatican&#8221; icon=&#8221;icon-download&#8221; dynamic_content_type=&#8221;content&#8221; dynamic_content_link=&#8221;http:\/\/nuntiatura.ca\/fr\/wp-content\/uploads\/2015\/01\/vatican_info_fr.pdf&#8221;][\/services_small][\/vc_column][\/vc_row][vc_row][vc_column][vc_empty_space height=&#8221;200px&#8221;][\/vc_column][\/vc_row]<\/p>\n<\/div>","protected":false},"excerpt":{"rendered":"<p>[vc_row][vc_column width=&#8221;1\/2&#8243;][services_small title=&#8221;Pour solliciter une B\u00e9n\u00e9diction Apostolique.&#8221; icon=&#8221;icon-download&#8221; dynamic_content_type=&#8221;content&#8221; dynamic_content_link=&#8221;http:\/\/nuntiatura.ca\/fr\/wp-content\/uploads\/2023\/09\/Apostolic_Blessing_FR_2023.pdf&#8221;][\/services_small][services_small title=&#8221;Pour obtenir des billets pour assister \u00e0 une Messe du Pape, \u00e0 une Audience g\u00e9n\u00e9rale, etc.&#8221; icon=&#8221;icon-download&#8221; dynamic_content_type=&#8221;content&#8221; dynamic_content_link=&#8221;http:\/\/www.vatican.va\/various\/prefettura\/index_fr.html&#8221;][\/services_small][\/vc_column][vc_column width=&#8221;1\/2&#8243;][services_small title=&#8221;Pour demander un Visa pour l&#8217;Italie (Clerg\u00e9 &amp; Religieux)&#8221; icon=&#8221;icon-download&#8221; dynamic_content_type=&#8221;content&#8221; dynamic_content_link=&#8221;http:\/\/nuntiatura.ca\/fr\/wp-content\/uploads\/2015\/01\/visa_italy_clergy_and_religious_fr.pdf&#8221;][\/services_small][services_small title=&#8221;Pour acheter des photographies, des objets de pi\u00e9t\u00e9, des timbres et des monnaies [&hellip;]<\/p>\n","protected":false},"author":5,"featured_media":0,"parent":0,"menu_order":0,"comment_status":"closed","ping_status":"open","template":"","meta":{"footnotes":""},"class_list":["post-1233","page","type-page","status-publish","hentry"],"_links":{"self":[{"href":"http:\/\/nuntiatura.ca\/fr\/wp-json\/wp\/v2\/pages\/1233","targetHints":{"allow":["GET"]}}],"collection":[{"href":"http:\/\/nuntiatura.ca\/fr\/wp-json\/wp\/v2\/pages"}],"about":[{"href":"http:\/\/nuntiatura.ca\/fr\/wp-json\/wp\/v2\/types\/page"}],"author":[{"embeddable":true,"href":"http:\/\/nuntiatura.ca\/fr\/wp-json\/wp\/v2\/users\/5"}],"replies":[{"embeddable":true,"href":"http:\/\/nuntiatura.ca\/fr\/wp-json\/wp\/v2\/comments?post=1233"}],"version-history":[{"count":16,"href":"http:\/\/nuntiatura.ca\/fr\/wp-json\/wp\/v2\/pages\/1233\/revisions"}],"predecessor-version":[{"id":3671,"href":"http:\/\/nuntiatura.ca\/fr\/wp-json\/wp\/v2\/pages\/1233\/revisions\/3671"}],"wp:attachment":[{"href":"http:\/\/nuntiatura.ca\/fr\/wp-json\/wp\/v2\/media?parent=1233"}],"curies":[{"name":"wp","href":"https:\/\/api.w.org\/{rel}","templated":true}]}}