{"id":1186,"date":"2014-12-15T22:58:48","date_gmt":"2014-12-15T22:58:48","guid":{"rendered":"http:\/\/nuntiatura.ca\/en\/?page_id=1186"},"modified":"2015-02-11T09:51:01","modified_gmt":"2015-02-11T14:51:01","slug":"nonciature","status":"publish","type":"page","link":"http:\/\/nuntiatura.ca\/fr\/nonciature\/","title":{"rendered":"Nonciature"},"content":{"rendered":"<div class=\"wpb-content-wrapper\"><p>[vc_row][vc_column width=&#8221;2\/3&#8243;][vc_column_text]La premi\u00e8re \u00e9tape de l\u2019\u00e9difice qui allait \u00eatre cette Nonciature apostolique \u00e9tait une maison construite en 1838-39 sur un terrain donn\u00e9 par le gouvernement \u00e0 M. Duncan Reynier MacNab, qui avait l\u2019inention de se construire un \u00abgrand manoir sur la falaise.\u00bb Comme il est mort avant de finir la construction, sa veuve et ses fils, \u00e9tant \u00e0 court d\u2019argent, ont \u00e9t\u00e9 oblig\u00e9s de r\u00e9duire le projet \u00e0 des dimensions plus simples, celles d\u2019un cottage d\u2019un \u00e9tage et demi, de style R\u00e9gence anglaise de l\u2019\u00e9poque. L\u2019entr\u00e9e principale, qui alors faisait face \u00e0 la rivi\u00e8re, est maintenant l\u2019arri\u00e8re de la maison.<\/p>\n<p>En 1868, M. Thomas Coltrin Keefer, un promoteur du 19\u00e8me si\u00e8cle, considera le \u00abManoir\u00bb de la famille MacNab sur la \u00abfalaise\u00bb comme la pi\u00e8ce ma\u00eetresse d\u2019un futur quartier qui s\u2019appellerait \u00abRockcliffe Park\u00bb qui en fait devint plus tard \u00able Village de Rockcliffe.\u00bb<\/p>\n<p>M. Keefer a achet\u00e9 la maison en 1868 et a remplac\u00e9 le demi-\u00e9tage de la famille MacNab par un deuxi\u00e8me \u00e9tage complet avec six chambres dans le style villa n\u00e9o-gothique. Plus tard, une v\u00e9randa en bois de style victorien a \u00e9t\u00e9 ajout\u00e9e sur trois c\u00f4t\u00e9s de la maison.<\/p>\n<p>En 1928, le domaine de 4,9 acres (2,2 hectares) a \u00e9t\u00e9 vendu \u00e0 Norman Wilson, un d\u00e9put\u00e9 lib\u00e9ral, et sa femme, Cairine, qui devint la premi\u00e8re femme s\u00e9natrice canadienne, lorsqu\u2019elle a \u00e9t\u00e9 nomm\u00e9e par le premier ministre Mackenzie King en 1930.<\/p>\n<p>Les Wilson ont enlev\u00e9 la v\u00e9randa et le deuxi\u00e8me \u00e9tage de la maison des Keefer, et ont conserv\u00e9 les murs originaux ext\u00e9rieurs de pierre, et ont ajout\u00e9 trois \u00e9tages, la tour circulaire et les deux ailes de cot\u00e9 est, de m\u00eame qu\u2019une serre sur le c\u00f4t\u00e9 ouest, tous dans le style fran\u00e7ais provincial ou \u00abCh\u00e2teaux de la Loire\u00bb. La fa\u00e7ade de la maison maintenant fait face au sud, et la grange ou remise a \u00e9t\u00e9 transform\u00e9e pour devenir l\u2019actuelle maison du gardien, o\u00f9 ont habit\u00e9s certains domestiques. Toutes les pierres utilis\u00e9es dans sa construction depuis 1838 provenaient de la m\u00eame carri\u00e8re \u00e0 l\u2019est d\u2019Ottawa sur le chemin \u00abOld Montr\u00e9al\u00bb.<\/p>\n<p>En 1962, apr\u00e8s la mort de la s\u00e9natrice, la famille a vendu la maison au Saint-Si\u00e8ge comme D\u00e9l\u00e9gation apostolique, qui est devenue la Nonciature apostolique en 1969.[\/vc_column_text][\/vc_column][vc_column width=&#8221;1\/3&#8243;][vc_gallery type=&#8221;image_grid&#8221; interval=&#8221;5&#8243; images=&#8221;1208,1207,1206,1205,1204,1203,1202,1201,1200,1199,1198,1197&#8243; onclick=&#8221;link_image&#8221; custom_links_target=&#8221;_self&#8221; img_size=&#8221;135&#215;135&#8243;][\/vc_column][\/vc_row][vc_row][vc_column width=&#8221;1\/1&#8243;][vc_empty_space height=&#8221;40px&#8221;][\/vc_column][\/vc_row]<\/p>\n<\/div>","protected":false},"excerpt":{"rendered":"<p>[vc_row][vc_column width=&#8221;2\/3&#8243;][vc_column_text]La premi\u00e8re \u00e9tape de l\u2019\u00e9difice qui allait \u00eatre cette Nonciature apostolique \u00e9tait une maison construite en 1838-39 sur un terrain donn\u00e9 par le gouvernement \u00e0 M. Duncan Reynier MacNab, qui avait l\u2019inention de se construire un \u00abgrand manoir sur la falaise.\u00bb Comme il est mort avant de finir la construction, sa veuve et ses [&hellip;]<\/p>\n","protected":false},"author":5,"featured_media":0,"parent":0,"menu_order":0,"comment_status":"closed","ping_status":"open","template":"","meta":{"footnotes":""},"class_list":["post-1186","page","type-page","status-publish","hentry"],"_links":{"self":[{"href":"http:\/\/nuntiatura.ca\/fr\/wp-json\/wp\/v2\/pages\/1186","targetHints":{"allow":["GET"]}}],"collection":[{"href":"http:\/\/nuntiatura.ca\/fr\/wp-json\/wp\/v2\/pages"}],"about":[{"href":"http:\/\/nuntiatura.ca\/fr\/wp-json\/wp\/v2\/types\/page"}],"author":[{"embeddable":true,"href":"http:\/\/nuntiatura.ca\/fr\/wp-json\/wp\/v2\/users\/5"}],"replies":[{"embeddable":true,"href":"http:\/\/nuntiatura.ca\/fr\/wp-json\/wp\/v2\/comments?post=1186"}],"version-history":[{"count":1,"href":"http:\/\/nuntiatura.ca\/fr\/wp-json\/wp\/v2\/pages\/1186\/revisions"}],"predecessor-version":[{"id":2808,"href":"http:\/\/nuntiatura.ca\/fr\/wp-json\/wp\/v2\/pages\/1186\/revisions\/2808"}],"wp:attachment":[{"href":"http:\/\/nuntiatura.ca\/fr\/wp-json\/wp\/v2\/media?parent=1186"}],"curies":[{"name":"wp","href":"https:\/\/api.w.org\/{rel}","templated":true}]}}